{"id":54,"date":"2024-05-03T11:24:56","date_gmt":"2024-05-03T11:24:56","guid":{"rendered":"https:\/\/panther-tape.com\/?page_id=54"},"modified":"2024-05-31T08:29:58","modified_gmt":"2024-05-31T08:29:58","slug":"o-nas","status":"publish","type":"page","link":"https:\/\/panther-tape.com\/pl\/o-nas\/","title":{"rendered":"O nas"},"content":{"rendered":"<div data-elementor-type=\"wp-page\" data-elementor-id=\"54\" class=\"elementor elementor-54\" data-elementor-post-type=\"page\">\n\t\t\t\t<div class=\"elementor-element elementor-element-9d3c0bf e-flex e-con-boxed e-con e-parent\" data-id=\"9d3c0bf\" data-element_type=\"container\" data-settings=\"{&quot;background_background&quot;:&quot;classic&quot;}\">\n\t\t\t\t\t<div class=\"e-con-inner\">\n\t\t<div class=\"elementor-element elementor-element-3619775 e-con-full e-flex e-con e-child\" data-id=\"3619775\" data-element_type=\"container\">\n\t\t<div class=\"elementor-element elementor-element-96e7e87 e-flex e-con-boxed e-con e-child\" data-id=\"96e7e87\" data-element_type=\"container\">\n\t\t\t\t\t<div class=\"e-con-inner\">\n\t\t\t\t<div class=\"elementor-element elementor-element-dfa326f elementor-widget elementor-widget-heading\" data-id=\"dfa326f\" data-element_type=\"widget\" data-widget_type=\"heading.default\">\n\t\t\t\t<div class=\"elementor-widget-container\">\n\t\t\t\t\t<h2 class=\"elementor-heading-title elementor-size-default\">o <i>panthertape<\/i><\/h2>\t\t\t\t<\/div>\n\t\t\t\t<\/div>\n\t\t\t\t\t<\/div>\n\t\t\t\t<\/div>\n\t\t\t\t<\/div>\n\t\t<div class=\"elementor-element elementor-element-cd21af4 e-con-full e-flex e-con e-child\" data-id=\"cd21af4\" data-element_type=\"container\">\n\t\t\t\t<div class=\"elementor-element elementor-element-dcad224 elementor-widget elementor-widget-text-editor\" data-id=\"dcad224\" data-element_type=\"widget\" data-widget_type=\"text-editor.default\">\n\t\t\t\t<div class=\"elementor-widget-container\">\n\t\t\t\t\t\t\t\t\t<p><span dir=\"ltr\" role=\"presentation\">Jeste\u015bmy Panthertape; bezkompromisowe, wytrzyma\u0142e ta\u015bmy zaprojektowane <\/span><span dir=\"ltr\" role=\"presentation\">z my\u015bl\u0105 o ci\u0119\u017cko pracuj\u0105cych profesjonalistach. Zbudowany, aby wytrzyma\u0107 <\/span><span dir=\"ltr\" role=\"presentation\">najbardziej wymagaj\u0105cych warunkach, Panthertapes zapewnia ostre <\/span><span dir=\"ltr\" role=\"presentation\">linie farby i niezawodn\u0105 przyczepno\u015b\u0107 na wszystkich powierzchniach.<\/span><\/p><p><span dir=\"ltr\" role=\"presentation\">Niezale\u017cnie od tego, czy jest to plac budowy, remont domu, czy<\/span><span dir=\"ltr\" role=\"presentation\">w \u015brodowisku przemys\u0142owym, ta ta\u015bma radzi sobie z tym wszystkim z niezr\u00f3wnanym <\/span><span dir=\"ltr\" role=\"presentation\">wytrzyma\u0142o\u015b\u0107 i odporno\u015b\u0107. Dla pracownik\u00f3w wymagaj\u0105cych si\u0142y i <\/span><span dir=\"ltr\" role=\"presentation\">Wytrzyma\u0142o\u015b\u0107, Panthertape zapewnia za ka\u017cdym razem, pozwalaj\u0105c skupi\u0107 si\u0119 na <\/span><span dir=\"ltr\" role=\"presentation\">nie przejmuj\u0105c si\u0119 drobiazgami.<\/span><\/p>\t\t\t\t\t\t\t\t<\/div>\n\t\t\t\t<\/div>\n\t\t\t\t<\/div>\n\t\t\t\t\t<\/div>\n\t\t\t\t<\/div>\n\t\t<div class=\"elementor-element elementor-element-e2f3111 e-flex e-con-boxed e-con e-parent\" data-id=\"e2f3111\" data-element_type=\"container\" data-settings=\"{&quot;background_background&quot;:&quot;classic&quot;}\">\n\t\t\t\t\t<div class=\"e-con-inner\">\n\t\t<div class=\"elementor-element elementor-element-1927d0a e-con-full e-flex e-con e-child\" data-id=\"1927d0a\" data-element_type=\"container\">\n\t\t<div class=\"elementor-element elementor-element-70b37f1 e-flex e-con-boxed e-con e-child\" data-id=\"70b37f1\" data-element_type=\"container\">\n\t\t\t\t\t<div class=\"e-con-inner\">\n\t\t\t\t<div class=\"elementor-element elementor-element-4627325 elementor-widget elementor-widget-heading\" data-id=\"4627325\" data-element_type=\"widget\" data-widget_type=\"heading.default\">\n\t\t\t\t<div class=\"elementor-widget-container\">\n\t\t\t\t\t<h2 class=\"elementor-heading-title elementor-size-default\">Dystrybucja<\/h2>\t\t\t\t<\/div>\n\t\t\t\t<\/div>\n\t\t\t\t<div class=\"elementor-element elementor-element-61c49ea elementor-widget elementor-widget-button\" data-id=\"61c49ea\" data-element_type=\"widget\" data-widget_type=\"button.default\">\n\t\t\t\t<div class=\"elementor-widget-container\">\n\t\t\t\t\t\t\t\t\t<div class=\"elementor-button-wrapper\">\n\t\t\t\t\t<a class=\"elementor-button elementor-button-link elementor-size-sm\" href=\"#contact\">\n\t\t\t\t\t\t<span class=\"elementor-button-content-wrapper\">\n\t\t\t\t\t\t\t\t\t<span class=\"elementor-button-text\">rozpocz\u0105\u0107 dystrybucj\u0119<\/span>\n\t\t\t\t\t<\/span>\n\t\t\t\t\t<\/a>\n\t\t\t\t<\/div>\n\t\t\t\t\t\t\t\t<\/div>\n\t\t\t\t<\/div>\n\t\t\t\t\t<\/div>\n\t\t\t\t<\/div>\n\t\t\t\t<\/div>\n\t\t<div class=\"elementor-element elementor-element-8b448b5 e-con-full e-flex e-con e-child\" data-id=\"8b448b5\" data-element_type=\"container\">\n\t\t\t\t<div class=\"elementor-element elementor-element-ca87284 elementor-widget elementor-widget-text-editor\" data-id=\"ca87284\" data-element_type=\"widget\" data-widget_type=\"text-editor.default\">\n\t\t\t\t<div class=\"elementor-widget-container\">\n\t\t\t\t\t\t\t\t\t<p>Aby zapewni\u0107 sprawne dotarcie naszych produkt\u00f3w, nawi\u0105zali\u015bmy wsp\u00f3\u0142prac\u0119 z Super Cleaners Retail w zakresie dystrybucji. Dzi\u0119ki ich rozleg\u0142ej sieci i zaanga\u017cowaniu w jako\u015b\u0107 us\u0142ug, mo\u017cesz mie\u0107 pewno\u015b\u0107, \u017ce Tw\u00f3j Panthertape b\u0119dzie \u0142atwo dost\u0119pny zawsze i wsz\u0119dzie, gdzie go potrzebujesz.<\/p>\t\t\t\t\t\t\t\t<\/div>\n\t\t\t\t<\/div>\n\t\t\t\t<\/div>\n\t\t\t\t\t<\/div>\n\t\t\t\t<\/div>\n\t\t<div class=\"elementor-element elementor-element-1db204f e-flex e-con-boxed e-con e-parent\" data-id=\"1db204f\" data-element_type=\"container\">\n\t\t\t\t\t<div class=\"e-con-inner\">\n\t\t\t\t<div class=\"elementor-element elementor-element-0d2a37b elementor-widget elementor-widget-menu-anchor\" data-id=\"0d2a37b\" data-element_type=\"widget\" data-widget_type=\"menu-anchor.default\">\n\t\t\t\t<div class=\"elementor-widget-container\">\n\t\t\t\t\t\t\t<div class=\"elementor-menu-anchor\" id=\"contact\"><\/div>\n\t\t\t\t\t\t<\/div>\n\t\t\t\t<\/div>\n\t\t\t\t\t<\/div>\n\t\t\t\t<\/div>\n\t\t<div class=\"elementor-element elementor-element-95b5fb8 e-flex e-con-boxed e-con e-parent\" data-id=\"95b5fb8\" data-element_type=\"container\" data-settings=\"{&quot;background_background&quot;:&quot;classic&quot;}\">\n\t\t\t\t\t<div class=\"e-con-inner\">\n\t\t<div class=\"elementor-element elementor-element-20fec79 e-con-full e-flex e-con e-child\" data-id=\"20fec79\" data-element_type=\"container\">\n\t\t<div class=\"elementor-element elementor-element-d6b736c e-flex e-con-boxed e-con e-child\" data-id=\"d6b736c\" data-element_type=\"container\">\n\t\t\t\t\t<div class=\"e-con-inner\">\n\t\t\t\t<div class=\"elementor-element elementor-element-9b26a6d elementor-widget elementor-widget-heading\" data-id=\"9b26a6d\" data-element_type=\"widget\" data-widget_type=\"heading.default\">\n\t\t\t\t<div class=\"elementor-widget-container\">\n\t\t\t\t\t<h2 class=\"elementor-heading-title elementor-size-default\">Kontakt<\/h2>\t\t\t\t<\/div>\n\t\t\t\t<\/div>\n\t\t\t\t\t<\/div>\n\t\t\t\t<\/div>\n\t\t\t\t<div class=\"elementor-element elementor-element-491e841 elementor-widget elementor-widget-text-editor\" data-id=\"491e841\" data-element_type=\"widget\" data-widget_type=\"text-editor.default\">\n\t\t\t\t<div class=\"elementor-widget-container\">\n\t\t\t\t\t\t\t\t\t<p>Masz og\u00f3lne pytanie lub chcesz skontaktowa\u0107 si\u0119 z nami w sprawie dystrybucji naszych produkt\u00f3w? Skontaktuj si\u0119 z nami za pomoc\u0105 formularza!<\/p>\t\t\t\t\t\t\t\t<\/div>\n\t\t\t\t<\/div>\n\t\t\t\t<\/div>\n\t\t<div class=\"elementor-element elementor-element-bee586d e-con-full e-flex e-con e-child\" data-id=\"bee586d\" data-element_type=\"container\">\n\t\t\t\t<div class=\"elementor-element elementor-element-a27e00a elementor-button-align-stretch elementor-widget elementor-widget-form\" data-id=\"a27e00a\" data-element_type=\"widget\" data-settings=\"{&quot;step_next_label&quot;:&quot;Next&quot;,&quot;step_previous_label&quot;:&quot;Previous&quot;,&quot;button_width&quot;:&quot;100&quot;,&quot;step_type&quot;:&quot;number_text&quot;,&quot;step_icon_shape&quot;:&quot;circle&quot;}\" data-widget_type=\"form.default\">\n\t\t\t\t<div class=\"elementor-widget-container\">\n\t\t\t\t\t\t\t<form class=\"elementor-form\" method=\"post\" name=\"Contact - home\" aria-label=\"Kontakt - strona g\u0142\u00f3wna\" action=\"\">\n\t\t\t<input type=\"hidden\" name=\"post_id\" value=\"54\"\/>\n\t\t\t<input type=\"hidden\" name=\"form_id\" value=\"a27e00a\"\/>\n\t\t\t<input type=\"hidden\" name=\"referer_title\" value=\"About us - Panthertape\" \/>\n\n\t\t\t\t\t\t\t<input type=\"hidden\" name=\"queried_id\" value=\"54\"\/>\n\t\t\t\n\t\t\t<div class=\"elementor-form-fields-wrapper elementor-labels-\">\n\t\t\t\t\t\t\t\t<div class=\"elementor-field-type-text elementor-field-group elementor-column elementor-field-group-name elementor-col-100\">\n\t\t\t\t\t\t\t\t\t\t\t\t<label for=\"form-field-name\" class=\"elementor-field-label elementor-screen-only\">\n\t\t\t\t\t\t\t\tNazwa\t\t\t\t\t\t\t<\/label>\n\t\t\t\t\t\t\t\t\t\t\t\t\t\t<input size=\"1\" type=\"text\" name=\"form_fields[name]\" id=\"form-field-name\" class=\"elementor-field elementor-size-sm  elementor-field-textual\" placeholder=\"Nazwa\">\n\t\t\t\t\t\t\t\t\t\t\t<\/div>\n\t\t\t\t\t\t\t\t<div class=\"elementor-field-type-email elementor-field-group elementor-column elementor-field-group-email elementor-col-100 elementor-field-required\">\n\t\t\t\t\t\t\t\t\t\t\t\t<label for=\"form-field-email\" class=\"elementor-field-label elementor-screen-only\">\n\t\t\t\t\t\t\t\tE-mail\t\t\t\t\t\t\t<\/label>\n\t\t\t\t\t\t\t\t\t\t\t\t\t\t<input size=\"1\" type=\"email\" name=\"form_fields[email]\" id=\"form-field-email\" class=\"elementor-field elementor-size-sm  elementor-field-textual\" placeholder=\"E-mail\" required=\"required\">\n\t\t\t\t\t\t\t\t\t\t\t<\/div>\n\t\t\t\t\t\t\t\t<div class=\"elementor-field-type-textarea elementor-field-group elementor-column elementor-field-group-message elementor-col-100\">\n\t\t\t\t\t\t\t\t\t\t\t\t<label for=\"form-field-message\" class=\"elementor-field-label elementor-screen-only\">\n\t\t\t\t\t\t\t\tWiadomo\u015b\u0107\t\t\t\t\t\t\t<\/label>\n\t\t\t\t\t\t<textarea class=\"elementor-field-textual elementor-field  elementor-size-sm\" name=\"form_fields[message]\" id=\"form-field-message\" rows=\"4\" placeholder=\"Wiadomo\u015b\u0107\"><\/textarea>\t\t\t\t<\/div>\n\t\t\t\t\t\t\t\t<div class=\"elementor-field-type-recaptcha elementor-field-group elementor-column elementor-field-group-field_2513990 elementor-col-100\">\n\t\t\t\t\t<div class=\"elementor-field\" id=\"form-field-field_2513990\"><div class=\"elementor-g-recaptcha\" data-sitekey=\"6LeXIO0pAAAAALRbSSPyEUdIhvB2gVDNULYiijbD\" data-type=\"v2_checkbox\" data-theme=\"light\" data-size=\"normal\"><\/div><\/div>\t\t\t\t<\/div>\n\t\t\t\t\t\t\t\t<div class=\"elementor-field-group elementor-column elementor-field-type-submit elementor-col-100 e-form__buttons\">\n\t\t\t\t\t<button class=\"elementor-button elementor-size-sm\" type=\"submit\">\n\t\t\t\t\t\t<span class=\"elementor-button-content-wrapper\">\n\t\t\t\t\t\t\t\t\t\t\t\t\t\t\t\t\t\t\t\t\t\t<span class=\"elementor-button-text\">Wy\u015blij<\/span>\n\t\t\t\t\t\t\t\t\t\t\t\t\t<\/span>\n\t\t\t\t\t<\/button>\n\t\t\t\t<\/div>\n\t\t\t<\/div>\n\t\t<input type=\"hidden\" name=\"trp-form-language\" value=\"pl\"\/><\/form>\n\t\t\t\t\t\t<\/div>\n\t\t\t\t<\/div>\n\t\t\t\t<\/div>\n\t\t\t\t\t<\/div>\n\t\t\t\t<\/div>\n\t\t\t\t<\/div>","protected":false},"excerpt":{"rendered":"<p>about panthertape We are Panthertape; the no-nonsense, durable tapes designed with the hardworking professional in mind. Built to withstand the most challenging conditions, Panthertapes ensures sharp paint lines and reliable adhesion on all surfaces. Whether it\u2019s a construction site, a home renovation, or an industrial environment, this tape handles it all with unmatched grit and [&hellip;]<\/p>","protected":false},"author":4,"featured_media":0,"parent":0,"menu_order":0,"comment_status":"closed","ping_status":"closed","template":"","meta":{"footnotes":""},"class_list":["post-54","page","type-page","status-publish","hentry"],"yoast_head":"<!-- This site is optimized with the Yoast SEO Premium plugin v27.3 (Yoast SEO v27.3) - https:\/\/yoast.com\/product\/yoast-seo-premium-wordpress\/ -->\n<title>About us - Panthertape<\/title>\n<meta name=\"robots\" content=\"index, follow, max-snippet:-1, max-image-preview:large, max-video-preview:-1\" \/>\n<link rel=\"canonical\" href=\"https:\/\/panther-tape.com\/pl\/o-nas\/\" \/>\n<meta property=\"og:locale\" content=\"pl_PL\" \/>\n<meta property=\"og:type\" content=\"article\" \/>\n<meta property=\"og:title\" content=\"About us\" \/>\n<meta property=\"og:description\" content=\"about panthertape We are Panthertape; the no-nonsense, durable tapes designed with the hardworking professional in mind. Built to withstand the most challenging conditions, Panthertapes ensures sharp paint lines and reliable adhesion on all surfaces. Whether it\u2019s a construction site, a home renovation, or an industrial environment, this tape handles it all with unmatched grit and [&hellip;]\" \/>\n<meta property=\"og:url\" content=\"https:\/\/panther-tape.com\/pl\/o-nas\/\" \/>\n<meta property=\"og:site_name\" content=\"Panthertape\" \/>\n<meta property=\"article:modified_time\" content=\"2024-05-31T08:29:58+00:00\" \/>\n<meta name=\"twitter:card\" content=\"summary_large_image\" \/>\n<meta name=\"twitter:label1\" content=\"Szacowany czas czytania\" \/>\n\t<meta name=\"twitter:data1\" content=\"1 minuta\" \/>\n<script type=\"application\/ld+json\" class=\"yoast-schema-graph\">{\"@context\":\"https:\\\/\\\/schema.org\",\"@graph\":[{\"@type\":\"WebPage\",\"@id\":\"https:\\\/\\\/panther-tape.com\\\/about-us\\\/\",\"url\":\"https:\\\/\\\/panther-tape.com\\\/about-us\\\/\",\"name\":\"About us - Panthertape\",\"isPartOf\":{\"@id\":\"https:\\\/\\\/panther-tape.tempurl.host\\\/#website\"},\"datePublished\":\"2024-05-03T11:24:56+00:00\",\"dateModified\":\"2024-05-31T08:29:58+00:00\",\"breadcrumb\":{\"@id\":\"https:\\\/\\\/panther-tape.com\\\/about-us\\\/#breadcrumb\"},\"inLanguage\":\"pl-PL\",\"potentialAction\":[{\"@type\":\"ReadAction\",\"target\":[\"https:\\\/\\\/panther-tape.com\\\/about-us\\\/\"]}]},{\"@type\":\"BreadcrumbList\",\"@id\":\"https:\\\/\\\/panther-tape.com\\\/about-us\\\/#breadcrumb\",\"itemListElement\":[{\"@type\":\"ListItem\",\"position\":1,\"name\":\"Home\",\"item\":\"https:\\\/\\\/panther-tape.com\\\/\"},{\"@type\":\"ListItem\",\"position\":2,\"name\":\"About us\"}]},{\"@type\":\"WebSite\",\"@id\":\"https:\\\/\\\/panther-tape.tempurl.host\\\/#website\",\"url\":\"https:\\\/\\\/panther-tape.tempurl.host\\\/\",\"name\":\"Panthertape\",\"description\":\"\",\"publisher\":{\"@id\":\"https:\\\/\\\/panther-tape.tempurl.host\\\/#organization\"},\"potentialAction\":[{\"@type\":\"SearchAction\",\"target\":{\"@type\":\"EntryPoint\",\"urlTemplate\":\"https:\\\/\\\/panther-tape.tempurl.host\\\/?s={search_term_string}\"},\"query-input\":{\"@type\":\"PropertyValueSpecification\",\"valueRequired\":true,\"valueName\":\"search_term_string\"}}],\"inLanguage\":\"pl-PL\"},{\"@type\":\"Organization\",\"@id\":\"https:\\\/\\\/panther-tape.tempurl.host\\\/#organization\",\"name\":\"Panthertape\",\"url\":\"https:\\\/\\\/panther-tape.tempurl.host\\\/\",\"logo\":{\"@type\":\"ImageObject\",\"inLanguage\":\"pl-PL\",\"@id\":\"https:\\\/\\\/panther-tape.tempurl.host\\\/#\\\/schema\\\/logo\\\/image\\\/\",\"url\":\"https:\\\/\\\/panther-tape.com\\\/wp-content\\\/uploads\\\/2024\\\/05\\\/Alternatief-logo-Wit@3x.png\",\"contentUrl\":\"https:\\\/\\\/panther-tape.com\\\/wp-content\\\/uploads\\\/2024\\\/05\\\/Alternatief-logo-Wit@3x.png\",\"width\":1782,\"height\":233,\"caption\":\"Panthertape\"},\"image\":{\"@id\":\"https:\\\/\\\/panther-tape.tempurl.host\\\/#\\\/schema\\\/logo\\\/image\\\/\"}}]}<\/script>\n<!-- \/ Yoast SEO Premium plugin. -->","yoast_head_json":{"title":"O nas - Panthertape","robots":{"index":"index","follow":"follow","max-snippet":"max-snippet:-1","max-image-preview":"max-image-preview:large","max-video-preview":"max-video-preview:-1"},"canonical":"https:\/\/panther-tape.com\/pl\/o-nas\/","og_locale":"pl_PL","og_type":"article","og_title":"About us","og_description":"about panthertape We are Panthertape; the no-nonsense, durable tapes designed with the hardworking professional in mind. Built to withstand the most challenging conditions, Panthertapes ensures sharp paint lines and reliable adhesion on all surfaces. Whether it\u2019s a construction site, a home renovation, or an industrial environment, this tape handles it all with unmatched grit and [&hellip;]","og_url":"https:\/\/panther-tape.com\/pl\/o-nas\/","og_site_name":"Panthertape","article_modified_time":"2024-05-31T08:29:58+00:00","twitter_card":"summary_large_image","twitter_misc":{"Szacowany czas czytania":"1 minuta"},"schema":{"@context":"https:\/\/schema.org","@graph":[{"@type":"WebPage","@id":"https:\/\/panther-tape.com\/about-us\/","url":"https:\/\/panther-tape.com\/about-us\/","name":"O nas - Panthertape","isPartOf":{"@id":"https:\/\/panther-tape.tempurl.host\/#website"},"datePublished":"2024-05-03T11:24:56+00:00","dateModified":"2024-05-31T08:29:58+00:00","breadcrumb":{"@id":"https:\/\/panther-tape.com\/about-us\/#breadcrumb"},"inLanguage":"pl-PL","potentialAction":[{"@type":"ReadAction","target":["https:\/\/panther-tape.com\/about-us\/"]}]},{"@type":"BreadcrumbList","@id":"https:\/\/panther-tape.com\/about-us\/#breadcrumb","itemListElement":[{"@type":"ListItem","position":1,"name":"Home","item":"https:\/\/panther-tape.com\/"},{"@type":"ListItem","position":2,"name":"About us"}]},{"@type":"WebSite","@id":"https:\/\/panther-tape.tempurl.host\/#website","url":"https:\/\/panther-tape.tempurl.host\/","name":"Panthertape","description":"","publisher":{"@id":"https:\/\/panther-tape.tempurl.host\/#organization"},"potentialAction":[{"@type":"SearchAction","target":{"@type":"EntryPoint","urlTemplate":"https:\/\/panther-tape.tempurl.host\/?s={search_term_string}"},"query-input":{"@type":"PropertyValueSpecification","valueRequired":true,"valueName":"search_term_string"}}],"inLanguage":"pl-PL"},{"@type":"Organization","@id":"https:\/\/panther-tape.tempurl.host\/#organization","name":"Panthertape","url":"https:\/\/panther-tape.tempurl.host\/","logo":{"@type":"ImageObject","inLanguage":"pl-PL","@id":"https:\/\/panther-tape.tempurl.host\/#\/schema\/logo\/image\/","url":"https:\/\/panther-tape.com\/wp-content\/uploads\/2024\/05\/Alternatief-logo-Wit@3x.png","contentUrl":"https:\/\/panther-tape.com\/wp-content\/uploads\/2024\/05\/Alternatief-logo-Wit@3x.png","width":1782,"height":233,"caption":"Panthertape"},"image":{"@id":"https:\/\/panther-tape.tempurl.host\/#\/schema\/logo\/image\/"}}]}},"_links":{"self":[{"href":"https:\/\/panther-tape.com\/pl\/wp-json\/wp\/v2\/pages\/54","targetHints":{"allow":["GET"]}}],"collection":[{"href":"https:\/\/panther-tape.com\/pl\/wp-json\/wp\/v2\/pages"}],"about":[{"href":"https:\/\/panther-tape.com\/pl\/wp-json\/wp\/v2\/types\/page"}],"author":[{"embeddable":true,"href":"https:\/\/panther-tape.com\/pl\/wp-json\/wp\/v2\/users\/4"}],"replies":[{"embeddable":true,"href":"https:\/\/panther-tape.com\/pl\/wp-json\/wp\/v2\/comments?post=54"}],"version-history":[{"count":0,"href":"https:\/\/panther-tape.com\/pl\/wp-json\/wp\/v2\/pages\/54\/revisions"}],"wp:attachment":[{"href":"https:\/\/panther-tape.com\/pl\/wp-json\/wp\/v2\/media?parent=54"}],"curies":[{"name":"wp","href":"https:\/\/api.w.org\/{rel}","templated":true}]}}